{"id":747,"date":"2025-02-11T16:53:45","date_gmt":"2025-02-11T15:53:45","guid":{"rendered":"https:\/\/junefilms.fr\/home\/"},"modified":"2025-03-05T17:21:38","modified_gmt":"2025-03-05T16:21:38","slug":"home","status":"publish","type":"page","link":"https:\/\/junefilms.fr\/en\/","title":{"rendered":"Home"},"content":{"rendered":"\t\t<div data-elementor-type=\"wp-page\" data-elementor-id=\"747\" class=\"elementor elementor-747 elementor-35\" data-elementor-post-type=\"page\">\n\t\t\t\t<div class=\"elementor-element elementor-element-46ffa88 e-con-full e-flex e-con e-parent\" data-id=\"46ffa88\" data-element_type=\"container\">\n\t\t<div class=\"elementor-element elementor-element-7575d09 e-con-full e-flex e-con e-child\" data-id=\"7575d09\" data-element_type=\"container\" data-settings=\"{&quot;position&quot;:&quot;absolute&quot;}\">\n\t\t<div class=\"elementor-element elementor-element-449aaa0 e-con-full e-flex e-con e-child\" data-id=\"449aaa0\" data-element_type=\"container\">\n\t\t<div class=\"elementor-element elementor-element-633aac6 e-con-full e-flex e-con e-child\" data-id=\"633aac6\" data-element_type=\"container\">\n\t\t\t\t<div class=\"elementor-element elementor-element-b4f9930 elementor-widget__width-inherit elementor-widget elementor-widget-ucaddon_remote_tabs\" data-id=\"b4f9930\" data-element_type=\"widget\" data-widget_type=\"ucaddon_remote_tabs.default\">\n\t\t\t\t<div class=\"elementor-widget-container\">\n\t\t\t\t\t\n<!-- start Remote Tabs -->\n<style>\/* widget: Remote Tabs *\/\n\n#uc_remote_tabs_elementor_b4f9930 .uc-items-wrapper{\n  display:flex;\n  \/* flex-wrap: wrap; *\/\n}\n\n#uc_remote_tabs_elementor_b4f9930 .ue-item{\n  transition:0.3s;\n  display:flex;\n  position:relative;\n}\n\n#uc_remote_tabs_elementor_b4f9930 .ue-item-link{\n  transition: all .3s ease;\n}\n\n#uc_remote_tabs_elementor_b4f9930 .ue-item-text{\n  transition: all .3s;\n}\n\n#uc_remote_tabs_elementor_b4f9930 .ue-item-link\n{\n  transition:0.3s;\n  display:flex;\n  position:relative;\n}\n\n#uc_remote_tabs_elementor_b4f9930 .ue-item:hover\n{\n  cursor:pointer;\n}\n\n\n#uc_remote_tabs_elementor_b4f9930 .ue-item-icon\n{\n  display:inline-flex;\n  align-items:center;\n  justify-content:center;\n  flex-grow:0;\n  flex-shrink:0;\n}\n\n.ue-remote-tabs .ue-item-title\n{\n  transition: all .3s;\n  font-size:18px;\n}\n\n#uc_remote_tabs_elementor_b4f9930 .ue-item-icon\n{\n  line-height:1em;\n}\n\n#uc_remote_tabs_elementor_b4f9930 .ue-item-icon svg\n{\n  height:1em;\n  width:1em;\n}\n\n#uc_remote_tabs_elementor_b4f9930 .ue-item .ue-item-label\n{\n  position:absolute;\n  display:flex;\n  justify-content:center;\n  align-items:center;\n  transition:0.3s;\n}\n\n#uc_remote_tabs_elementor_b4f9930 .ue-item-image \n{\n  display:inline-flex;\n  flex-grow:0;\n  flex-shrink:0;\n  overflow:hidden;\n}\n\n#uc_remote_tabs_elementor_b4f9930 .ue-item-image img\n{\n  width:100%;\n}\n\n#uc_remote_tabs_elementor_b4f9930 .ue-item-element-gap\n{\n  flex-grow:0;\n  flex-shrink:0;\n}\n\n<\/style>\n\n<div id=\"uc_remote_tabs_elementor_b4f9930\" class=\"ue-remote-tabs \"  data-parentid='first' data-set-hash=\"false\" data-scrolltohead=\"false\" data-scrolltohead-offset=\"0\" data-change-type=\"hover\" >\n  <div class=\"uc-items-wrapper\">\n  \t\n\t\t\t\t\n\n\n<div id=\"ue-remote-tabs-ue-item-1\" class=\"ue-item  elementor-repeater-item-u2lvi ue-item-active\" data-id=\"ue-item-1\" data-custom-hash=\"\" data-tab-number=\"\">\n    \n  <a class=\"ue-item-link\" >\n  \n      \n  <div>\n    <div class=\"ue-item-title\">The Little Sister<\/div>    <div class=\"ue-item-text\">https:\/\/junefilms.fr\/en\/realisations\/the-little-sister\/<\/div>  <\/div>\n  \n    \n  <\/a>\n  \n<\/div>\n\n\n\n\n<div id=\"ue-remote-tabs-ue-item-2\" class=\"ue-item  elementor-repeater-item-ebs6w \" data-id=\"ue-item-2\" data-custom-hash=\"\" data-tab-number=\"\">\n    \n  <a class=\"ue-item-link\" >\n  \n      \n  <div>\n    <div class=\"ue-item-title\">Animale<\/div>    <div class=\"ue-item-text\">https:\/\/junefilms.fr\/en\/realisations\/animal\/<\/div>  <\/div>\n  \n    \n  <\/a>\n  \n<\/div>\n\n\n\n\n<div id=\"ue-remote-tabs-ue-item-3\" class=\"ue-item  elementor-repeater-item-tbhe2 \" data-id=\"ue-item-3\" data-custom-hash=\"\" data-tab-number=\"\">\n    \n  <a class=\"ue-item-link\" >\n  \n      \n  <div>\n    <div class=\"ue-item-title\">The Confidante<\/div>    <div class=\"ue-item-text\">https:\/\/junefilms.fr\/en\/realisations\/a-devoted-friend\/<\/div>  <\/div>\n  \n    \n  <\/a>\n  \n<\/div>\n\n\n\n\n<div id=\"ue-remote-tabs-ue-item-4\" class=\"ue-item  elementor-repeater-item-0pq84 \" data-id=\"ue-item-4\" data-custom-hash=\"\" data-tab-number=\"\">\n    \n  <a class=\"ue-item-link\" >\n  \n      \n  <div>\n    <div class=\"ue-item-title\">My Summer with Ir\u00e8ne<\/div>    <div class=\"ue-item-text\">https:\/\/junefilms.fr\/en\/realisations\/my-summer-with-irene-2\/<\/div>  <\/div>\n  \n    \n  <\/a>\n  \n<\/div>\n\n  <\/div>  \n<\/div>\n<!-- end Remote Tabs -->\t\t\t\t<\/div>\n\t\t\t\t<\/div>\n\t\t\t\t<div class=\"elementor-element elementor-element-f2eeac3 elementor-hidden-desktop elementor-hidden-tablet elementor-widget elementor-widget-ucaddon_remote_control_bullet_navigation\" data-id=\"f2eeac3\" data-element_type=\"widget\" data-widget_type=\"ucaddon_remote_control_bullet_navigation.default\">\n\t\t\t\t<div class=\"elementor-widget-container\">\n\t\t\t\t\t\n<!-- start Remote Bullets -->\n<style>\/* widget: Remote Bullets *\/\n\n#uc_remote_control_bullet_navigation_elementor_f2eeac3 \n{\n  display:flex;\n  flex-wrap: wrap;\n}\n\n#uc_remote_control_bullet_navigation_elementor_f2eeac3 .ue-remote-bullet-btn\n{\n  display:flex;\n  align-items:center;\n  justify-content:center;\n  cursor:pointer;\n  transition:0.3s;\n  flex-grow: 0;\n  flex-shrink: 0;\n}\n\n<\/style>\n\n<div class=\"ue-remote-bullets\" id=\"uc_remote_control_bullet_navigation_elementor_f2eeac3\"  data-parentid='first'> \n\t\n<\/div>\n<!-- end Remote Bullets -->\t\t\t\t<\/div>\n\t\t\t\t<\/div>\n\t\t\t\t<div class=\"elementor-element elementor-element-8b95c24 elementor-widget elementor-widget-html\" data-id=\"8b95c24\" data-element_type=\"widget\" data-widget_type=\"html.default\">\n\t\t\t\t\t<script>\/\/ S\u00e9lectionne tous les \u00e9l\u00e9ments .uc-items-wrapper\ndocument.querySelectorAll('.uc-items-wrapper').forEach(wrapper => {\n  \/\/ S\u00e9lectionne tous les \u00e9l\u00e9ments .ue-item dans chaque .uc-items-wrapper\n  wrapper.querySelectorAll('.ue-item').forEach(item => {\n    \/\/ S\u00e9lectionne le lien <a> avec la classe .ue-item-link\n    const link = item.querySelector('.ue-item-link');\n    \n    \/\/ S\u00e9lectionne le div sans classe qui contient le texte avec l'URL\n    const textDiv = item.querySelector('.ue-item-text');\n    \n    \/\/ R\u00e9cup\u00e8re l'URL depuis le texte (on suppose qu'il y a une URL valide dans ce texte)\n    const url = textDiv ? textDiv.textContent.trim() : null;\n    \n    \/\/ Si une URL est trouv\u00e9e, on l'ajoute comme href au lien\n    if (url && link) {\n      link.setAttribute('href', url);\n    }\n  });\n});\n<\/script>\t\t\t\t<\/div>\n\t\t\t\t<\/div>\n\t\t\t\t<\/div>\n\t\t\t\t<\/div>\n\t\t\t\t<div class=\"elementor-element elementor-element-5c280ba elementor-widget__width-inherit elementor-widget elementor-widget-ucaddon_ue_listing_slider\" data-id=\"5c280ba\" data-element_type=\"widget\" data-widget_type=\"ucaddon_ue_listing_slider.default\">\n\t\t\t\t<div class=\"elementor-widget-container\">\n\t\t\t\t\t\n<!-- start Loop Slider -->\n\t\t<link id='font-awesome-css' href='https:\/\/junefilms.fr\/wp-content\/plugins\/unlimited-elements-for-elementor-premium\/assets_libraries\/font-awesome6\/fontawesome-all.min.css' type='text\/css' rel='stylesheet' >\n\t\t<link id='font-awesome-4-shim-css' href='https:\/\/junefilms.fr\/wp-content\/plugins\/unlimited-elements-for-elementor-premium\/assets_libraries\/font-awesome6\/fontawesome-v4-shims.min.css' type='text\/css' rel='stylesheet' >\n\t\t<link id='owl-carousel-css' href='https:\/\/junefilms.fr\/wp-content\/plugins\/unlimited-elements-for-elementor-premium\/assets_libraries\/owl-carousel-new\/assets\/owl.carousel.css' type='text\/css' rel='stylesheet' >\n\t\t<link id='uc_assets_uc_fixed_box_postslider_animate_css-css' href='https:\/\/junefilms.fr\/wp-content\/uploads\/ac_assets\/uc_fixed_box_postslider\/animate.css' type='text\/css' rel='stylesheet' >\n\n<style>\/* widget: Loop Slider *\/\n\n#uc_ue_listing_slider_elementor_5c280ba{\n  min-height:1px;\n}\n\n#uc_ue_listing_slider_elementor_5c280ba *{\n\tbox-sizing: border-box;\n}\n\n#uc_ue_listing_slider_elementor_5c280ba .owl-nav .owl-prev{\n    position:absolute;\n    left:0px;\n    display:inline-block;\n    text-align:center;\n    transition:1s;\n}\n#uc_ue_listing_slider_elementor_5c280ba .owl-nav .owl-next{\n  position:absolute;\n    right:0px;\n  display:inline-block;\n  text-align:center;\n  transition:1s;\n}\n\n\n#uc_ue_listing_slider_elementor_5c280ba .owl-dots {\noverflow:hidden;\ndisplay:false !important;\ntext-align:center;\n}\n\n#uc_ue_listing_slider_elementor_5c280ba .owl-dot {\ndisplay:inline-block;\ntransition: all .3s;  \n}\n\n#uc_ue_listing_slider_elementor_5c280ba .ue-listing-slider\n{\n  overflow:hidden;\n}\n\n<\/style>\n\n<div class=\"ue-listing-slider uc-dynamic-popup-grid\"  style=\"direction:ltr;\">\n        <div class=\"uc_fbps_container\">\n            <div  class=\"owl-carousel uc-items-wrapper  uc-remote-parent \" id=\"uc_ue_listing_slider_elementor_5c280ba\"  data-remoteid='first' data-widgetname='Loop Slider' data-custom-sethtml=\"true\" >\n              \n              <div class=\"uc_fbps_slide ue-grid-item\" data-link=\"https:\/\/junefilms.fr\/en\/realisations\/the-little-sister\/\" data-postid=\"975\">\n  <style>.elementor-252 .elementor-element.elementor-element-7af9a52{--display:flex;--min-height:100vh;--flex-direction:column;--container-widget-width:100%;--container-widget-height:initial;--container-widget-flex-grow:0;--container-widget-align-self:initial;--flex-wrap-mobile:wrap;}.elementor-252 .elementor-element.elementor-element-cc6375c{--display:flex;--min-height:100vh;}@media(max-width:980px){.elementor-252 .elementor-element.elementor-element-7af9a52{--min-height:100svh;}.elementor-252 .elementor-element.elementor-element-cc6375c{--min-height:100svh;}}@media(max-width:767px){.elementor-252 .elementor-element.elementor-element-7af9a52{--min-height:100svh;}}<\/style>\t\t<div data-elementor-type=\"loop-item\" data-elementor-id=\"252\" class=\"elementor elementor-252 uc-post-975 e-loop-item e-loop-item-975 post-975 realisations type-realisations status-publish hentry category-featured category-film-en\" data-elementor-post-type=\"elementor_library\" data-custom-edit-handle=\"1\">\n\t\t\t<div class=\"elementor-element elementor-element-7af9a52 e-con-full e-flex e-con e-parent\" data-id=\"7af9a52\" data-element_type=\"container\">\n\t\t<a class=\"elementor-element elementor-element-cc6375c e-con-full e-flex e-con e-child\" data-id=\"cc6375c\" data-element_type=\"container\" data-settings=\"{&quot;background_background&quot;:&quot;video&quot;,&quot;background_play_on_mobile&quot;:&quot;yes&quot;,&quot;background_privacy_mode&quot;:&quot;yes&quot;,&quot;background_video_link&quot;:&quot;https:\\\/\\\/junefilms.fr\\\/wp-content\\\/uploads\\\/2025\\\/05\\\/NEW-LPD-extrait-6sec-01.mp4&quot;}\" href=\"https:\/\/junefilms.fr\/en\/realisations\/the-little-sister\/\">\n\t\t<div class=\"elementor-background-video-container\">\n\t\t\t\t\t\t\t<video class=\"elementor-background-video-hosted\" autoplay muted playsinline loop><\/video>\n\t\t\t\t\t<\/div>\t\t<\/a>\n\t\t\t\t<\/div>\n\t\t\t\t<\/div>\n\t\t\n<\/div>\n<div class=\"uc_fbps_slide ue-grid-item\" data-link=\"https:\/\/junefilms.fr\/en\/realisations\/animal\/\" data-postid=\"816\">\n  <style>.elementor-252 .elementor-element.elementor-element-7af9a52{--display:flex;--min-height:100vh;--flex-direction:column;--container-widget-width:100%;--container-widget-height:initial;--container-widget-flex-grow:0;--container-widget-align-self:initial;--flex-wrap-mobile:wrap;}.elementor-252 .elementor-element.elementor-element-cc6375c{--display:flex;--min-height:100vh;}@media(max-width:980px){.elementor-252 .elementor-element.elementor-element-7af9a52{--min-height:100svh;}.elementor-252 .elementor-element.elementor-element-cc6375c{--min-height:100svh;}}@media(max-width:767px){.elementor-252 .elementor-element.elementor-element-7af9a52{--min-height:100svh;}}<\/style>\t\t<div data-elementor-type=\"loop-item\" data-elementor-id=\"252\" class=\"elementor elementor-252 uc-post-816 e-loop-item e-loop-item-816 post-816 realisations type-realisations status-publish hentry category-featured category-film-en\" data-elementor-post-type=\"elementor_library\" data-custom-edit-handle=\"1\">\n\t\t\t<div class=\"elementor-element elementor-element-7af9a52 e-con-full e-flex e-con e-parent\" data-id=\"7af9a52\" data-element_type=\"container\">\n\t\t<a class=\"elementor-element elementor-element-cc6375c e-con-full e-flex e-con e-child\" data-id=\"cc6375c\" data-element_type=\"container\" data-settings=\"{&quot;background_background&quot;:&quot;video&quot;,&quot;background_play_on_mobile&quot;:&quot;yes&quot;,&quot;background_privacy_mode&quot;:&quot;yes&quot;,&quot;background_video_link&quot;:&quot;https:\\\/\\\/junefilms.fr\\\/wp-content\\\/uploads\\\/2025\\\/03\\\/animale-hoover-site02.mp4&quot;}\" href=\"https:\/\/junefilms.fr\/en\/realisations\/animal\/\">\n\t\t<div class=\"elementor-background-video-container\">\n\t\t\t\t\t\t\t<video class=\"elementor-background-video-hosted\" autoplay muted playsinline loop><\/video>\n\t\t\t\t\t<\/div>\t\t<\/a>\n\t\t\t\t<\/div>\n\t\t\t\t<\/div>\n\t\t\n<\/div>\n<div class=\"uc_fbps_slide ue-grid-item\" data-link=\"https:\/\/junefilms.fr\/en\/realisations\/a-devoted-friend\/\" data-postid=\"762\">\n  <style>.elementor-252 .elementor-element.elementor-element-7af9a52{--display:flex;--min-height:100vh;--flex-direction:column;--container-widget-width:100%;--container-widget-height:initial;--container-widget-flex-grow:0;--container-widget-align-self:initial;--flex-wrap-mobile:wrap;}.elementor-252 .elementor-element.elementor-element-cc6375c{--display:flex;--min-height:100vh;}@media(max-width:980px){.elementor-252 .elementor-element.elementor-element-7af9a52{--min-height:100svh;}.elementor-252 .elementor-element.elementor-element-cc6375c{--min-height:100svh;}}@media(max-width:767px){.elementor-252 .elementor-element.elementor-element-7af9a52{--min-height:100svh;}}<\/style>\t\t<div data-elementor-type=\"loop-item\" data-elementor-id=\"252\" class=\"elementor elementor-252 uc-post-762 e-loop-item e-loop-item-762 post-762 realisations type-realisations status-publish hentry category-featured category-tv\" data-elementor-post-type=\"elementor_library\" data-custom-edit-handle=\"1\">\n\t\t\t<div class=\"elementor-element elementor-element-7af9a52 e-con-full e-flex e-con e-parent\" data-id=\"7af9a52\" data-element_type=\"container\">\n\t\t<a class=\"elementor-element elementor-element-cc6375c e-con-full e-flex e-con e-child\" data-id=\"cc6375c\" data-element_type=\"container\" data-settings=\"{&quot;background_background&quot;:&quot;video&quot;,&quot;background_play_on_mobile&quot;:&quot;yes&quot;,&quot;background_privacy_mode&quot;:&quot;yes&quot;,&quot;background_video_link&quot;:&quot;https:\\\/\\\/junefilms.fr\\\/wp-content\\\/uploads\\\/2025\\\/02\\\/UAD-BOUCLEV2.mp4&quot;}\" href=\"https:\/\/junefilms.fr\/en\/realisations\/a-devoted-friend\/\">\n\t\t<div class=\"elementor-background-video-container\">\n\t\t\t\t\t\t\t<video class=\"elementor-background-video-hosted\" autoplay muted playsinline loop><\/video>\n\t\t\t\t\t<\/div>\t\t<\/a>\n\t\t\t\t<\/div>\n\t\t\t\t<\/div>\n\t\t\n<\/div>\n<div class=\"uc_fbps_slide ue-grid-item\" data-link=\"https:\/\/junefilms.fr\/en\/realisations\/my-summer-with-irene-2\/\" data-postid=\"838\">\n  <style>.elementor-252 .elementor-element.elementor-element-7af9a52{--display:flex;--min-height:100vh;--flex-direction:column;--container-widget-width:100%;--container-widget-height:initial;--container-widget-flex-grow:0;--container-widget-align-self:initial;--flex-wrap-mobile:wrap;}.elementor-252 .elementor-element.elementor-element-cc6375c{--display:flex;--min-height:100vh;}@media(max-width:980px){.elementor-252 .elementor-element.elementor-element-7af9a52{--min-height:100svh;}.elementor-252 .elementor-element.elementor-element-cc6375c{--min-height:100svh;}}@media(max-width:767px){.elementor-252 .elementor-element.elementor-element-7af9a52{--min-height:100svh;}}<\/style>\t\t<div data-elementor-type=\"loop-item\" data-elementor-id=\"252\" class=\"elementor elementor-252 uc-post-838 e-loop-item e-loop-item-838 post-838 realisations type-realisations status-publish hentry category-film-en\" data-elementor-post-type=\"elementor_library\" data-custom-edit-handle=\"1\">\n\t\t\t<div class=\"elementor-element elementor-element-7af9a52 e-con-full e-flex e-con e-parent\" data-id=\"7af9a52\" data-element_type=\"container\">\n\t\t<a class=\"elementor-element elementor-element-cc6375c e-con-full e-flex e-con e-child\" data-id=\"cc6375c\" data-element_type=\"container\" data-settings=\"{&quot;background_background&quot;:&quot;video&quot;,&quot;background_play_on_mobile&quot;:&quot;yes&quot;,&quot;background_privacy_mode&quot;:&quot;yes&quot;,&quot;background_video_link&quot;:&quot;https:\\\/\\\/junefilms.fr\\\/wp-content\\\/uploads\\\/2025\\\/03\\\/mysummerwithirene-hoover02.mp4&quot;}\" href=\"https:\/\/junefilms.fr\/en\/realisations\/my-summer-with-irene-2\/\">\n\t\t<div class=\"elementor-background-video-container\">\n\t\t\t\t\t\t\t<video class=\"elementor-background-video-hosted\" autoplay muted playsinline loop><\/video>\n\t\t\t\t\t<\/div>\t\t<\/a>\n\t\t\t\t<\/div>\n\t\t\t\t<\/div>\n\t\t\n<\/div>\n\n              \n            <\/div>\n        <\/div>\n    <\/div>\n<!-- end Loop Slider -->\t\t\t\t<\/div>\n\t\t\t\t<\/div>\n\t\t\t\t<\/div>\n\t\t\t\t<\/div>\n\t\t","protected":false},"excerpt":{"rendered":"<p>Animale https:\/\/junefilms.fr\/realisations\/my-summer-with-irene-2\/ Une Amie D\u00e9vou\u00e9e https:\/\/junefilms.fr\/realisations\/une-amie-devouee\/ My Summer With Irene https:\/\/junefilms.fr\/realisations\/my-summer-with-irene\/ Test 3 https:\/\/junefilms.fr\/realisations\/test-3\/<\/p>\n","protected":false},"author":1,"featured_media":0,"parent":0,"menu_order":0,"comment_status":"closed","ping_status":"closed","template":"","meta":{"_acf_changed":false,"inline_featured_image":false,"footnotes":""},"class_list":["post-747","page","type-page","status-publish","hentry"],"acf":[],"_links":{"self":[{"href":"https:\/\/junefilms.fr\/en\/wp-json\/wp\/v2\/pages\/747","targetHints":{"allow":["GET"]}}],"collection":[{"href":"https:\/\/junefilms.fr\/en\/wp-json\/wp\/v2\/pages"}],"about":[{"href":"https:\/\/junefilms.fr\/en\/wp-json\/wp\/v2\/types\/page"}],"author":[{"embeddable":true,"href":"https:\/\/junefilms.fr\/en\/wp-json\/wp\/v2\/users\/1"}],"replies":[{"embeddable":true,"href":"https:\/\/junefilms.fr\/en\/wp-json\/wp\/v2\/comments?post=747"}],"version-history":[{"count":2,"href":"https:\/\/junefilms.fr\/en\/wp-json\/wp\/v2\/pages\/747\/revisions"}],"predecessor-version":[{"id":749,"href":"https:\/\/junefilms.fr\/en\/wp-json\/wp\/v2\/pages\/747\/revisions\/749"}],"wp:attachment":[{"href":"https:\/\/junefilms.fr\/en\/wp-json\/wp\/v2\/media?parent=747"}],"curies":[{"name":"wp","href":"https:\/\/api.w.org\/{rel}","templated":true}]}}